{"id":17,"date":"2020-09-23T18:54:42","date_gmt":"2020-09-23T16:54:42","guid":{"rendered":"http:\/\/localhost:8080\/weakspot\/?page_id=17"},"modified":"2020-11-17T09:29:47","modified_gmt":"2020-11-17T08:29:47","slug":"qui-sommes-nous","status":"publish","type":"page","link":"https:\/\/adrien-phan.com\/weakspot\/qui-sommes-nous\/","title":{"rendered":"Qui sommes-nous"},"content":{"rendered":"\t\t<div data-elementor-type=\"wp-page\" data-elementor-id=\"17\" class=\"elementor elementor-17\">\n\t\t\t\t\t\t<div class=\"elementor-inner\">\n\t\t\t\t<div class=\"elementor-section-wrap\">\n\t\t\t\t\t\t\t\t\t<section class=\"elementor-section elementor-top-section elementor-element elementor-element-2e413f5 elementor-section-boxed elementor-section-height-default elementor-section-height-default\" data-id=\"2e413f5\" data-element_type=\"section\" data-settings=\"{&quot;background_background&quot;:&quot;classic&quot;}\">\n\t\t\t\t\t\t<div class=\"elementor-container elementor-column-gap-default\">\n\t\t\t\t\t\t\t<div class=\"elementor-row\">\n\t\t\t\t\t<div class=\"elementor-column elementor-col-100 elementor-top-column elementor-element elementor-element-da89c4f\" data-id=\"da89c4f\" data-element_type=\"column\">\n\t\t\t<div class=\"elementor-column-wrap elementor-element-populated\">\n\t\t\t\t\t\t\t<div class=\"elementor-widget-wrap\">\n\t\t\t\t\t\t<div class=\"elementor-element elementor-element-44f7e2c elementor-widget elementor-widget-heading\" data-id=\"44f7e2c\" data-element_type=\"widget\" data-widget_type=\"heading.default\">\n\t\t\t\t<div class=\"elementor-widget-container\">\n\t\t\t<h2 class=\"elementor-heading-title elementor-size-default\">Nous connaitre en quelques mots<\/h2>\t\t<\/div>\n\t\t\t\t<\/div>\n\t\t\t\t<div class=\"elementor-element elementor-element-6217f7d elementor-widget elementor-widget-text-editor\" data-id=\"6217f7d\" data-element_type=\"widget\" data-widget_type=\"text-editor.default\">\n\t\t\t\t<div class=\"elementor-widget-container\">\n\t\t\t\t\t\t\t\t<div class=\"elementor-text-editor elementor-clearfix\">\n\t\t\t\t<p>Startup fran\u00e7aise de cybers\u00e9curit\u00e9 cr\u00e9\u00e9e en octobre 2018, Weakspot \u00e9dite une solution SaaS, 100% automatis\u00e9e et non-intrusive, qui cartographie en temps r\u00e9el la surface d\u2019exposition Internet d\u2019une soci\u00e9t\u00e9 du point de vue d\u2019un attaquant.<\/p><p><br><\/p><p>[pourquoi weakspot]<\/p><p><br><\/p><p>&nbsp;Lorem ipsum dolor sit amet, consetetur sadipscing elitr, sed diam nonumy eirmod tempor invidunt ut labore et dolore magna aliquyam erat, sed diam voluptua. At vero eos et.<\/p>\t\t\t\t\t<\/div>\n\t\t\t\t\t\t<\/div>\n\t\t\t\t<\/div>\n\t\t\t\t<div class=\"elementor-element elementor-element-734c40b elementor-view-default elementor-widget elementor-widget-icon\" data-id=\"734c40b\" data-element_type=\"widget\" data-widget_type=\"icon.default\">\n\t\t\t\t<div class=\"elementor-widget-container\">\n\t\t\t\t\t<div class=\"elementor-icon-wrapper\">\n\t\t\t<a class=\"elementor-icon\" href=\"https:\/\/www.linkedin.com\/company\/weakspoot\">\n\t\t\t<i aria-hidden=\"true\" class=\"fab fa-linkedin\"><\/i>\t\t\t<\/a>\n\t\t<\/div>\n\t\t\t\t<\/div>\n\t\t\t\t<\/div>\n\t\t\t\t\t\t<\/div>\n\t\t\t\t\t<\/div>\n\t\t<\/div>\n\t\t\t\t\t\t\t\t<\/div>\n\t\t\t\t\t<\/div>\n\t\t<\/section>\n\t\t\t\t<section class=\"elementor-section elementor-top-section elementor-element elementor-element-6c8556c elementor-section-boxed elementor-section-height-default elementor-section-height-default\" data-id=\"6c8556c\" data-element_type=\"section\" data-settings=\"{&quot;background_background&quot;:&quot;classic&quot;}\">\n\t\t\t\t\t\t<div class=\"elementor-container elementor-column-gap-default\">\n\t\t\t\t\t\t\t<div class=\"elementor-row\">\n\t\t\t\t\t<div class=\"elementor-column elementor-col-100 elementor-top-column elementor-element elementor-element-166066e\" data-id=\"166066e\" data-element_type=\"column\">\n\t\t\t<div class=\"elementor-column-wrap elementor-element-populated\">\n\t\t\t\t\t\t\t<div class=\"elementor-widget-wrap\">\n\t\t\t\t\t\t<div class=\"elementor-element elementor-element-20a04ba elementor-widget elementor-widget-heading\" data-id=\"20a04ba\" data-element_type=\"widget\" data-widget_type=\"heading.default\">\n\t\t\t\t<div class=\"elementor-widget-container\">\n\t\t\t<h2 class=\"elementor-heading-title elementor-size-default\">Leadership<\/h2>\t\t<\/div>\n\t\t\t\t<\/div>\n\t\t\t\t\t\t<\/div>\n\t\t\t\t\t<\/div>\n\t\t<\/div>\n\t\t\t\t\t\t\t\t<\/div>\n\t\t\t\t\t<\/div>\n\t\t<\/section>\n\t\t\t\t<section class=\"elementor-section elementor-top-section elementor-element elementor-element-56ce398 elementor-section-boxed elementor-section-height-default elementor-section-height-default\" data-id=\"56ce398\" data-element_type=\"section\" data-settings=\"{&quot;background_background&quot;:&quot;classic&quot;}\">\n\t\t\t\t\t\t<div class=\"elementor-container elementor-column-gap-default\">\n\t\t\t\t\t\t\t<div class=\"elementor-row\">\n\t\t\t\t\t<div class=\"elementor-column elementor-col-33 elementor-top-column elementor-element elementor-element-8c7c6ff\" data-id=\"8c7c6ff\" data-element_type=\"column\">\n\t\t\t<div class=\"elementor-column-wrap elementor-element-populated\">\n\t\t\t\t\t\t\t<div class=\"elementor-widget-wrap\">\n\t\t\t\t\t\t<div class=\"elementor-element elementor-element-343ee80 elementor-widget elementor-widget-image\" data-id=\"343ee80\" data-element_type=\"widget\" data-widget_type=\"image.default\">\n\t\t\t\t<div class=\"elementor-widget-container\">\n\t\t\t\t\t\t\t\t<div class=\"elementor-image\">\n\t\t\t\t\t\t\t\t\t<figure class=\"wp-caption\">\n\t\t\t\t\t\t\t\t\t\t<img width=\"300\" height=\"300\" src=\"https:\/\/adrien-phan.com\/weakspot\/wp-content\/uploads\/2020\/10\/adrien_petit-300x300.jpg\" class=\"attachment-medium size-medium wp-image-120\" alt=\"Adrien Petit\" loading=\"lazy\" srcset=\"https:\/\/adrien-phan.com\/weakspot\/wp-content\/uploads\/2020\/10\/adrien_petit-300x300.jpg 300w, https:\/\/adrien-phan.com\/weakspot\/wp-content\/uploads\/2020\/10\/adrien_petit-150x150.jpg 150w, https:\/\/adrien-phan.com\/weakspot\/wp-content\/uploads\/2020\/10\/adrien_petit.jpg 512w\" sizes=\"(max-width: 300px) 100vw, 300px\" \/>\t\t\t\t\t\t\t\t\t\t\t<figcaption class=\"widget-image-caption wp-caption-text\">Adrien Petit<br \/> CEO et co-fondateur<\/figcaption>\n\t\t\t\t\t\t\t\t\t\t<\/figure>\n\t\t\t\t\t\t\t\t<\/div>\n\t\t\t\t\t\t<\/div>\n\t\t\t\t<\/div>\n\t\t\t\t<div class=\"elementor-element elementor-element-8e12127 elementor-view-default elementor-widget elementor-widget-icon\" data-id=\"8e12127\" data-element_type=\"widget\" data-widget_type=\"icon.default\">\n\t\t\t\t<div class=\"elementor-widget-container\">\n\t\t\t\t\t<div class=\"elementor-icon-wrapper\">\n\t\t\t<a class=\"elementor-icon\" href=\"https:\/\/www.linkedin.com\/in\/adrien-petit-83978619\/\">\n\t\t\t<i aria-hidden=\"true\" class=\"fab fa-linkedin\"><\/i>\t\t\t<\/a>\n\t\t<\/div>\n\t\t\t\t<\/div>\n\t\t\t\t<\/div>\n\t\t\t\t\t\t<\/div>\n\t\t\t\t\t<\/div>\n\t\t<\/div>\n\t\t\t\t<div class=\"elementor-column elementor-col-33 elementor-top-column elementor-element elementor-element-9489c5e\" data-id=\"9489c5e\" data-element_type=\"column\">\n\t\t\t<div class=\"elementor-column-wrap elementor-element-populated\">\n\t\t\t\t\t\t\t<div class=\"elementor-widget-wrap\">\n\t\t\t\t\t\t<div class=\"elementor-element elementor-element-424ecd9 elementor-widget elementor-widget-image\" data-id=\"424ecd9\" data-element_type=\"widget\" data-widget_type=\"image.default\">\n\t\t\t\t<div class=\"elementor-widget-container\">\n\t\t\t\t\t\t\t\t<div class=\"elementor-image\">\n\t\t\t\t\t\t\t\t\t<figure class=\"wp-caption\">\n\t\t\t\t\t\t\t\t\t\t<img width=\"300\" height=\"300\" src=\"https:\/\/adrien-phan.com\/weakspot\/wp-content\/uploads\/2020\/10\/aurelien_boit_photo-300x300.jpg\" class=\"attachment-medium size-medium wp-image-121\" alt=\"Aurelien Boit\" loading=\"lazy\" srcset=\"https:\/\/adrien-phan.com\/weakspot\/wp-content\/uploads\/2020\/10\/aurelien_boit_photo-300x300.jpg 300w, https:\/\/adrien-phan.com\/weakspot\/wp-content\/uploads\/2020\/10\/aurelien_boit_photo-150x150.jpg 150w, https:\/\/adrien-phan.com\/weakspot\/wp-content\/uploads\/2020\/10\/aurelien_boit_photo.jpg 512w\" sizes=\"(max-width: 300px) 100vw, 300px\" \/>\t\t\t\t\t\t\t\t\t\t\t<figcaption class=\"widget-image-caption wp-caption-text\">Aur\u00e9lien Boit<br \/> CTO et co-fondateur<\/figcaption>\n\t\t\t\t\t\t\t\t\t\t<\/figure>\n\t\t\t\t\t\t\t\t<\/div>\n\t\t\t\t\t\t<\/div>\n\t\t\t\t<\/div>\n\t\t\t\t<div class=\"elementor-element elementor-element-a4d4559 elementor-view-default elementor-widget elementor-widget-icon\" data-id=\"a4d4559\" data-element_type=\"widget\" data-widget_type=\"icon.default\">\n\t\t\t\t<div class=\"elementor-widget-container\">\n\t\t\t\t\t<div class=\"elementor-icon-wrapper\">\n\t\t\t<a class=\"elementor-icon\" href=\"https:\/\/www.linkedin.com\/in\/aurelien-boit-8a0960144\/\">\n\t\t\t<i aria-hidden=\"true\" class=\"fab fa-linkedin\"><\/i>\t\t\t<\/a>\n\t\t<\/div>\n\t\t\t\t<\/div>\n\t\t\t\t<\/div>\n\t\t\t\t\t\t<\/div>\n\t\t\t\t\t<\/div>\n\t\t<\/div>\n\t\t\t\t<div class=\"elementor-column elementor-col-33 elementor-top-column elementor-element elementor-element-d4d9b11\" data-id=\"d4d9b11\" data-element_type=\"column\">\n\t\t\t<div class=\"elementor-column-wrap elementor-element-populated\">\n\t\t\t\t\t\t\t<div class=\"elementor-widget-wrap\">\n\t\t\t\t\t\t<div class=\"elementor-element elementor-element-4ccffec elementor-widget elementor-widget-image\" data-id=\"4ccffec\" data-element_type=\"widget\" data-widget_type=\"image.default\">\n\t\t\t\t<div class=\"elementor-widget-container\">\n\t\t\t\t\t\t\t\t<div class=\"elementor-image\">\n\t\t\t\t\t\t\t\t\t<figure class=\"wp-caption\">\n\t\t\t\t\t\t\t\t\t\t<img width=\"300\" height=\"300\" src=\"https:\/\/adrien-phan.com\/weakspot\/wp-content\/uploads\/2020\/10\/TQG6LBLHX-UQSGT0A1L-fac7ac0834f3-512-300x300.jpg\" class=\"attachment-medium size-medium wp-image-119\" alt=\"Evine Juhel\" loading=\"lazy\" srcset=\"https:\/\/adrien-phan.com\/weakspot\/wp-content\/uploads\/2020\/10\/TQG6LBLHX-UQSGT0A1L-fac7ac0834f3-512-300x300.jpg 300w, https:\/\/adrien-phan.com\/weakspot\/wp-content\/uploads\/2020\/10\/TQG6LBLHX-UQSGT0A1L-fac7ac0834f3-512-150x150.jpg 150w, https:\/\/adrien-phan.com\/weakspot\/wp-content\/uploads\/2020\/10\/TQG6LBLHX-UQSGT0A1L-fac7ac0834f3-512.jpg 512w\" sizes=\"(max-width: 300px) 100vw, 300px\" \/>\t\t\t\t\t\t\t\t\t\t\t<figcaption class=\"widget-image-caption wp-caption-text\">Evine Juhel<br \/>CBO et co-fondatrice<\/figcaption>\n\t\t\t\t\t\t\t\t\t\t<\/figure>\n\t\t\t\t\t\t\t\t<\/div>\n\t\t\t\t\t\t<\/div>\n\t\t\t\t<\/div>\n\t\t\t\t<div class=\"elementor-element elementor-element-c5f136f elementor-view-default elementor-widget elementor-widget-icon\" data-id=\"c5f136f\" data-element_type=\"widget\" data-widget_type=\"icon.default\">\n\t\t\t\t<div class=\"elementor-widget-container\">\n\t\t\t\t\t<div class=\"elementor-icon-wrapper\">\n\t\t\t<a class=\"elementor-icon\" href=\"https:\/\/www.linkedin.com\/in\/evine-juhel-395647103\/\">\n\t\t\t<i aria-hidden=\"true\" class=\"fab fa-linkedin\"><\/i>\t\t\t<\/a>\n\t\t<\/div>\n\t\t\t\t<\/div>\n\t\t\t\t<\/div>\n\t\t\t\t\t\t<\/div>\n\t\t\t\t\t<\/div>\n\t\t<\/div>\n\t\t\t\t\t\t\t\t<\/div>\n\t\t\t\t\t<\/div>\n\t\t<\/section>\n\t\t\t\t<section class=\"elementor-section elementor-top-section elementor-element elementor-element-55f48cc elementor-section-boxed elementor-section-height-default elementor-section-height-default\" data-id=\"55f48cc\" data-element_type=\"section\">\n\t\t\t\t\t\t<div class=\"elementor-container elementor-column-gap-default\">\n\t\t\t\t\t\t\t<div class=\"elementor-row\">\n\t\t\t\t\t<div class=\"elementor-column elementor-col-50 elementor-top-column elementor-element elementor-element-8953730\" data-id=\"8953730\" data-element_type=\"column\">\n\t\t\t<div class=\"elementor-column-wrap elementor-element-populated\">\n\t\t\t\t\t\t\t<div class=\"elementor-widget-wrap\">\n\t\t\t\t\t\t<section class=\"elementor-section elementor-inner-section elementor-element elementor-element-ceb04b0 elementor-section-boxed elementor-section-height-default elementor-section-height-default\" data-id=\"ceb04b0\" data-element_type=\"section\">\n\t\t\t\t\t\t<div class=\"elementor-container elementor-column-gap-default\">\n\t\t\t\t\t\t\t<div class=\"elementor-row\">\n\t\t\t\t\t<div class=\"elementor-column elementor-col-50 elementor-inner-column elementor-element elementor-element-65e2522\" data-id=\"65e2522\" data-element_type=\"column\">\n\t\t\t<div class=\"elementor-column-wrap elementor-element-populated\">\n\t\t\t\t\t\t\t<div class=\"elementor-widget-wrap\">\n\t\t\t\t\t\t<div class=\"elementor-element elementor-element-f6b62ad elementor-widget elementor-widget-image\" data-id=\"f6b62ad\" data-element_type=\"widget\" data-widget_type=\"image.default\">\n\t\t\t\t<div class=\"elementor-widget-container\">\n\t\t\t\t\t\t\t\t<div class=\"elementor-image\">\n\t\t\t\t\t\t\t\t\t\t\t\t<img width=\"150\" height=\"150\" src=\"https:\/\/adrien-phan.com\/weakspot\/wp-content\/uploads\/2020\/11\/cyber@STF-150x150.png\" class=\"attachment-thumbnail size-thumbnail wp-image-196\" alt=\"Logo Station F\" loading=\"lazy\" srcset=\"https:\/\/adrien-phan.com\/weakspot\/wp-content\/uploads\/2020\/11\/cyber@STF-150x150.png 150w, https:\/\/adrien-phan.com\/weakspot\/wp-content\/uploads\/2020\/11\/cyber@STF.png 184w\" sizes=\"(max-width: 150px) 100vw, 150px\" \/>\t\t\t\t\t\t\t\t\t\t\t\t\t\t<\/div>\n\t\t\t\t\t\t<\/div>\n\t\t\t\t<\/div>\n\t\t\t\t\t\t<\/div>\n\t\t\t\t\t<\/div>\n\t\t<\/div>\n\t\t\t\t<div class=\"elementor-column elementor-col-50 elementor-inner-column elementor-element elementor-element-b17ef1d\" data-id=\"b17ef1d\" data-element_type=\"column\">\n\t\t\t<div class=\"elementor-column-wrap elementor-element-populated\">\n\t\t\t\t\t\t\t<div class=\"elementor-widget-wrap\">\n\t\t\t\t\t\t<div class=\"elementor-element elementor-element-784a83c elementor-widget elementor-widget-text-editor\" data-id=\"784a83c\" data-element_type=\"widget\" data-widget_type=\"text-editor.default\">\n\t\t\t\t<div class=\"elementor-widget-container\">\n\t\t\t\t\t\t\t\t<div class=\"elementor-text-editor elementor-clearfix\">\n\t\t\t\t<p>By Thales. Le programme d&rsquo;acc\u00e9l\u00e9ration des futurs champions de la cybers\u00e9curit\u00e9.<\/p>\t\t\t\t\t<\/div>\n\t\t\t\t\t\t<\/div>\n\t\t\t\t<\/div>\n\t\t\t\t\t\t<\/div>\n\t\t\t\t\t<\/div>\n\t\t<\/div>\n\t\t\t\t\t\t\t\t<\/div>\n\t\t\t\t\t<\/div>\n\t\t<\/section>\n\t\t\t\t\t\t<\/div>\n\t\t\t\t\t<\/div>\n\t\t<\/div>\n\t\t\t\t<div class=\"elementor-column elementor-col-50 elementor-top-column elementor-element elementor-element-dfc624b\" data-id=\"dfc624b\" data-element_type=\"column\">\n\t\t\t<div class=\"elementor-column-wrap elementor-element-populated\">\n\t\t\t\t\t\t\t<div class=\"elementor-widget-wrap\">\n\t\t\t\t\t\t<section class=\"elementor-section elementor-inner-section elementor-element elementor-element-a256aad elementor-section-boxed elementor-section-height-default elementor-section-height-default\" data-id=\"a256aad\" data-element_type=\"section\">\n\t\t\t\t\t\t<div class=\"elementor-container elementor-column-gap-default\">\n\t\t\t\t\t\t\t<div class=\"elementor-row\">\n\t\t\t\t\t<div class=\"elementor-column elementor-col-50 elementor-inner-column elementor-element elementor-element-6b6aee9\" data-id=\"6b6aee9\" data-element_type=\"column\">\n\t\t\t<div class=\"elementor-column-wrap elementor-element-populated\">\n\t\t\t\t\t\t\t<div class=\"elementor-widget-wrap\">\n\t\t\t\t\t\t<div class=\"elementor-element elementor-element-03e4716 elementor-widget elementor-widget-image\" data-id=\"03e4716\" data-element_type=\"widget\" data-widget_type=\"image.default\">\n\t\t\t\t<div class=\"elementor-widget-container\">\n\t\t\t\t\t\t\t\t<div class=\"elementor-image\">\n\t\t\t\t\t\t\t\t\t\t\t\t<img width=\"264\" height=\"111\" src=\"https:\/\/adrien-phan.com\/weakspot\/wp-content\/uploads\/2020\/11\/ovh.png\" class=\"attachment-medium size-medium wp-image-197\" alt=\"Logo OVH\" loading=\"lazy\" \/>\t\t\t\t\t\t\t\t\t\t\t\t\t\t<\/div>\n\t\t\t\t\t\t<\/div>\n\t\t\t\t<\/div>\n\t\t\t\t\t\t<\/div>\n\t\t\t\t\t<\/div>\n\t\t<\/div>\n\t\t\t\t<div class=\"elementor-column elementor-col-50 elementor-inner-column elementor-element elementor-element-539707d\" data-id=\"539707d\" data-element_type=\"column\">\n\t\t\t<div class=\"elementor-column-wrap elementor-element-populated\">\n\t\t\t\t\t\t\t<div class=\"elementor-widget-wrap\">\n\t\t\t\t\t\t<div class=\"elementor-element elementor-element-3825d22 elementor-widget elementor-widget-text-editor\" data-id=\"3825d22\" data-element_type=\"widget\" data-widget_type=\"text-editor.default\">\n\t\t\t\t<div class=\"elementor-widget-container\">\n\t\t\t\t\t\t\t\t<div class=\"elementor-text-editor elementor-clearfix\">\n\t\t\t\t<p>OVHcloud Startup Program, acc\u00e9l\u00e9rateur de startup.<\/p>\t\t\t\t\t<\/div>\n\t\t\t\t\t\t<\/div>\n\t\t\t\t<\/div>\n\t\t\t\t\t\t<\/div>\n\t\t\t\t\t<\/div>\n\t\t<\/div>\n\t\t\t\t\t\t\t\t<\/div>\n\t\t\t\t\t<\/div>\n\t\t<\/section>\n\t\t\t\t\t\t<\/div>\n\t\t\t\t\t<\/div>\n\t\t<\/div>\n\t\t\t\t\t\t\t\t<\/div>\n\t\t\t\t\t<\/div>\n\t\t<\/section>\n\t\t\t\t\t\t\t\t\t<\/div>\n\t\t\t<\/div>\n\t\t\t\t\t<\/div>\n\t\t","protected":false},"excerpt":{"rendered":"<p>Nous connaitre en quelques mots Startup fran\u00e7aise de cybers\u00e9curit\u00e9 cr\u00e9\u00e9e en octobre 2018, Weakspot \u00e9dite une solution SaaS, 100% automatis\u00e9e et non-intrusive, qui cartographie en temps r\u00e9el la surface d\u2019exposition Internet d\u2019une soci\u00e9t\u00e9 du point de vue d\u2019un attaquant. [pourquoi weakspot] &nbsp;Lorem ipsum dolor sit amet, consetetur sadipscing elitr, sed diam nonumy eirmod tempor invidunt [&hellip;]<\/p>\n","protected":false},"author":1,"featured_media":0,"parent":0,"menu_order":0,"comment_status":"closed","ping_status":"closed","template":"","meta":{"content-type":""},"_links":{"self":[{"href":"https:\/\/adrien-phan.com\/weakspot\/wp-json\/wp\/v2\/pages\/17"}],"collection":[{"href":"https:\/\/adrien-phan.com\/weakspot\/wp-json\/wp\/v2\/pages"}],"about":[{"href":"https:\/\/adrien-phan.com\/weakspot\/wp-json\/wp\/v2\/types\/page"}],"author":[{"embeddable":true,"href":"https:\/\/adrien-phan.com\/weakspot\/wp-json\/wp\/v2\/users\/1"}],"replies":[{"embeddable":true,"href":"https:\/\/adrien-phan.com\/weakspot\/wp-json\/wp\/v2\/comments?post=17"}],"version-history":[{"count":39,"href":"https:\/\/adrien-phan.com\/weakspot\/wp-json\/wp\/v2\/pages\/17\/revisions"}],"predecessor-version":[{"id":215,"href":"https:\/\/adrien-phan.com\/weakspot\/wp-json\/wp\/v2\/pages\/17\/revisions\/215"}],"wp:attachment":[{"href":"https:\/\/adrien-phan.com\/weakspot\/wp-json\/wp\/v2\/media?parent=17"}],"curies":[{"name":"wp","href":"https:\/\/api.w.org\/{rel}","templated":true}]}}